{"id":1448,"date":"2018-05-09T11:51:59","date_gmt":"2018-05-09T09:51:59","guid":{"rendered":"https:\/\/www.ra-kanzlei.co.at\/imprint-privacy-policy\/"},"modified":"2018-07-09T16:21:48","modified_gmt":"2018-07-09T14:21:48","slug":"imprint-privacy-policy","status":"publish","type":"page","link":"https:\/\/www.ra-kanzlei.co.at\/en\/imprint-privacy-policy\/","title":{"rendered":"Imprint &#038; Privacy Policy"},"content":{"rendered":"<div id='full_slider_1'  class='avia-fullwidth-slider main_color avia-shadow   avia-builder-el-0  el_before_av_layout_row  avia-builder-el-first   container_wrap fullsize'  ><div  class='avia-slideshow av-1gwah-ae8925b8188ff886071c1e0dda96b277 avia-slideshow-featured_large av_slideshow_full avia-fade-slider av-slideshow-ui av-control-hidden av-no-slider-navigation av-hide-nav-arrows av-slideshow-manual av-loop-once av-loop-manual-endless av-default-height-applied   avia-slideshow-1' data-slideshow-options=\"{&quot;animation&quot;:&quot;fade&quot;,&quot;autoplay&quot;:false,&quot;loop_autoplay&quot;:&quot;once&quot;,&quot;interval&quot;:6,&quot;loop_manual&quot;:&quot;manual-endless&quot;,&quot;autoplay_stopper&quot;:false,&quot;noNavigation&quot;:true,&quot;bg_slider&quot;:false,&quot;keep_padding&quot;:false,&quot;hoverpause&quot;:false,&quot;show_slide_delay&quot;:0}\"  itemprop=\"image\" itemscope=\"itemscope\" itemtype=\"https:\/\/schema.org\/ImageObject\" ><ul class='avia-slideshow-inner ' style='padding-bottom: 42%;'><li  class='avia-slideshow-slide av-1gwah-ae8925b8188ff886071c1e0dda96b277__0  av-single-slide slide-1 slide-odd'><div data-rel='slideshow-1' class='avia-slide-wrap '   ><img decoding=\"async\" fetchpriority=\"high\" class=\"wp-image-1701 avia-img-lazy-loading-not-1701\"  src=\"https:\/\/www.ra-kanzlei.co.at\/wp-content\/uploads\/2018\/03\/Warteraum-1500x630.jpg\" width=\"1500\" height=\"630\" title='Warteraum' alt=''  itemprop=\"thumbnailUrl\"   \/><\/div><\/li><\/ul><\/div><\/div>\n<div id='av-layout-grid-1'  class='av-layout-grid-container av-3sa7fd-c8dd2e7d0253fd808340ed3a6a19acc0 entry-content-wrapper main_color av-flex-cells  avia-builder-el-1  el_after_av_slideshow_full  el_before_av_one_full  av-cell-min-height av-cell-min-height-25 grid-row-not-first  container_wrap fullsize'   data-av_minimum_height_pc='25'>\n\n<style type=\"text\/css\" data-created_by=\"avia_inline_auto\" id=\"style-css-av-3jy3ex-e149362cd667eb3910cb5c644157e683\">\n.flex_cell.av-3jy3ex-e149362cd667eb3910cb5c644157e683{\nvertical-align:middle;\nbackground-color:#555555;\n}\n.responsive #top #wrap_all .flex_cell.av-3jy3ex-e149362cd667eb3910cb5c644157e683{\npadding:0px 0px 0px 0px !important;\n}\n<\/style>\n<div class='flex_cell av-3jy3ex-e149362cd667eb3910cb5c644157e683 av-gridrow-cell av_one_third no_margin  avia-builder-el-2  el_before_av_cell_two_third  avia-builder-el-first  content-align-middle av-zero-padding avia-full-stretch'  ><div class='flex_cell_inner'><\/div><\/div>\n<style type=\"text\/css\" data-created_by=\"avia_inline_auto\" id=\"style-css-av-3gvvtl-5a8902732e3490ea6f02c0bc82ac04f2\">\n.flex_cell.av-3gvvtl-5a8902732e3490ea6f02c0bc82ac04f2{\nvertical-align:middle;\nbackground-color:#555555;\n}\n.responsive #top #wrap_all .flex_cell.av-3gvvtl-5a8902732e3490ea6f02c0bc82ac04f2{\npadding:50px 30px 80px 30px !important;\n}\n<\/style>\n<div class='flex_cell av-3gvvtl-5a8902732e3490ea6f02c0bc82ac04f2 av-gridrow-cell av_two_third no_margin  avia-builder-el-3  el_after_av_cell_one_third  avia-builder-el-last  content-align-middle'  ><div class='flex_cell_inner'>\n<style type=\"text\/css\" data-created_by=\"avia_inline_auto\" id=\"style-css-av-1udfmw-c50a6872276d61db7ed462a33cf986c6\">\n#top .av-special-heading.av-1udfmw-c50a6872276d61db7ed462a33cf986c6{\npadding-bottom:30px;\ncolor:#ffffff;\nfont-size:34px;\n}\nbody .av-special-heading.av-1udfmw-c50a6872276d61db7ed462a33cf986c6 .av-special-heading-tag .heading-char{\nfont-size:25px;\n}\n#top #wrap_all .av-special-heading.av-1udfmw-c50a6872276d61db7ed462a33cf986c6 .av-special-heading-tag{\nfont-size:34px;\n}\n.av-special-heading.av-1udfmw-c50a6872276d61db7ed462a33cf986c6 .special-heading-inner-border{\nborder-color:#ffffff;\n}\n.av-special-heading.av-1udfmw-c50a6872276d61db7ed462a33cf986c6 .av-subheading{\nfont-size:20px;\n}\n\n@media only screen and (min-width: 480px) and (max-width: 767px){ \n#top #wrap_all .av-special-heading.av-1udfmw-c50a6872276d61db7ed462a33cf986c6 .av-special-heading-tag{\nfont-size:0.8em;\n}\n}\n\n@media only screen and (max-width: 479px){ \n#top #wrap_all .av-special-heading.av-1udfmw-c50a6872276d61db7ed462a33cf986c6 .av-special-heading-tag{\nfont-size:0.8em;\n}\n}\n<\/style>\n<div  class='av-special-heading av-1udfmw-c50a6872276d61db7ed462a33cf986c6 av-special-heading-h3 custom-color-heading blockquote modern-quote  avia-builder-el-4  avia-builder-el-no-sibling  av-inherit-size'><h3 class='av-special-heading-tag '  itemprop=\"headline\"  >Imprint <span class='special_amp'>&amp;<\/span> privacy policy<\/h3><div class=\"special-heading-border\"><div class=\"special-heading-inner-border\"><\/div><\/div><\/div>\n<\/div><\/div>\n<\/div><div id='after_grid_row_1'  class='main_color av_default_container_wrap container_wrap fullsize'  ><div class='container av-section-cont-open' ><div class='template-page content  av-content-full alpha units'><div class='post-entry post-entry-type-page post-entry-1448'><div class='entry-content-wrapper clearfix'>\n\n<style type=\"text\/css\" data-created_by=\"avia_inline_auto\" id=\"style-css-av-334j9d-392aeb995e698e038ec11761447fc028\">\n.flex_column.av-334j9d-392aeb995e698e038ec11761447fc028{\nborder-radius:0px 0px 0px 0px;\npadding:0px 0px 0px 0px;\n}\n<\/style>\n<div  class='flex_column av-334j9d-392aeb995e698e038ec11761447fc028 av_one_full  avia-builder-el-5  el_after_av_layout_row  el_before_av_one_full  avia-builder-el-first  first flex_column_div av-zero-column-padding  '     ><p>\n<style type=\"text\/css\" data-created_by=\"avia_inline_auto\" id=\"style-css-av-av_heading-6b39e78fc1f4fe53fda19456c31fae7f\">\n#top .av-special-heading.av-av_heading-6b39e78fc1f4fe53fda19456c31fae7f{\npadding-bottom:10px;\n}\nbody .av-special-heading.av-av_heading-6b39e78fc1f4fe53fda19456c31fae7f .av-special-heading-tag .heading-char{\nfont-size:25px;\n}\n.av-special-heading.av-av_heading-6b39e78fc1f4fe53fda19456c31fae7f .av-subheading{\nfont-size:15px;\n}\n<\/style>\n<div  class='av-special-heading av-av_heading-6b39e78fc1f4fe53fda19456c31fae7f av-special-heading-h3  avia-builder-el-6  el_before_av_textblock  avia-builder-el-first '><h3 class='av-special-heading-tag '  itemprop=\"headline\"  >Imprint<\/h3><div class=\"special-heading-border\"><div class=\"special-heading-inner-border\"><\/div><\/div><\/div><br \/>\n<section  class='av_textblock_section av-9vkw9-46903693301ba55b61bc31cda278d7bf '   itemscope=\"itemscope\" itemtype=\"https:\/\/schema.org\/CreativeWork\" ><div class='avia_textblock'  itemprop=\"text\" ><p>IMPRINT (acc. to \u00a7 5 (1) ECG):<\/p>\n<p><strong>Dr. Erwin Markl, Dr. Wolfgang Oberhofer, Dr. Christian Kurz, Dr. Nikolaus Mair<\/strong><\/p>\n<p><strong>partners<\/strong><\/p>\n<p>Schmerlingstra\u00dfe 2<br \/>\n6020 Innsbruck, Austria<\/p>\n<p>Phone: +43 512 587778<br \/>\nFax: +43 512 571274<\/p>\n<p><strong>e-mail:<\/strong><\/p>\n<blockquote>\n<p>Dr. Erwin Markl: <a href=\"mailto:erwin.markl@ra-kanzlei.co.at\">erwin.markl@ra-kanzlei.co.at<\/a><\/p>\n<p>Dr. Wolfgang Oberhofer: <a href=\"mailto:wolfgang.oberhofer@ra-kanzlei.co.at\">wolfgang.oberhofer@ra-kanzlei.co.at<\/a><\/p>\n<p>Dr. Christian Kurz: <a href=\"mailto:christian.kurz@ra-kanzlei.co.at\">christian.kurz@ra-kanzlei.co.at<\/a><\/p>\n<p>Dr. Nikolaus Mair: <a href=\"mailto:exnunc@gmx.net\">exnunc@gmx.net<\/a><\/p>\n<\/blockquote>\n<p><strong>VAT-IDs:<\/strong><\/p>\n<blockquote>\n<p>Dr. Erwin Markl: <strong>ATU 40056005<\/strong><\/p>\n<p>Dr. Wolfgang Oberhofer: <strong>ATU 31529600<\/strong><\/p>\n<p>Dr. Christian Kurz: <strong>ATU 31450701<\/strong><\/p>\n<p>Dr. Nikolaus Mair: <strong>ATU 31496002<\/strong><\/p>\n<\/blockquote>\n<p>We are members of Tyrol Lawyers&#8217; Chamber (Tiroler Rechtsanwaltskammer) and its Trust Register (Treuhandbuch der Tiroler Rechtsanwaltskammer). As such we are bound by the regulations of both Lawyers Ordinance (Rechtanwaltsordnung) and guidelines for Lawyer&#8217;s Profession (Richtlinien f\u00fcr die Berufsaus\u00fcbung der Rechtsanw\u00e4lte) and Lawyer&#8217;s Fee Code (Rechtsanwaltstarifgesetz).<\/p>\n<p>This website does not provide any legal information.<\/p>\n<p>We do not take responsibility for any harm caused bay the use of this website, its content or further links to third parties&#8217; websites.<\/p>\n<p><strong>Conzeption &amp; <span id=\"result_box\" class=\"short_text\" lang=\"en\" tabindex=\"-1\">implementation<\/span>:<\/strong> <a href=\"https:\/\/www.absolutinternet.at\" target=\"_blank\" rel=\"noopener\">Absolutinternet GmbH<\/a><\/p>\n<\/div><\/section><\/p><\/div>\n<style type=\"text\/css\" data-created_by=\"avia_inline_auto\" id=\"style-css-av-334j9d-392aeb995e698e038ec11761447fc028\">\n.flex_column.av-334j9d-392aeb995e698e038ec11761447fc028{\nborder-radius:0px 0px 0px 0px;\npadding:0px 0px 0px 0px;\n}\n<\/style>\n<div  class='flex_column av-334j9d-392aeb995e698e038ec11761447fc028 av_one_full  avia-builder-el-8  el_after_av_one_full  avia-builder-el-last  first flex_column_div av-zero-column-padding  column-top-margin'     ><p>\n<style type=\"text\/css\" data-created_by=\"avia_inline_auto\" id=\"style-css-av-jjec3n2x-2f94e5185a7189075a1a6a0d0f13843d\">\n#top .av-special-heading.av-jjec3n2x-2f94e5185a7189075a1a6a0d0f13843d{\npadding-bottom:10px;\n}\nbody .av-special-heading.av-jjec3n2x-2f94e5185a7189075a1a6a0d0f13843d .av-special-heading-tag .heading-char{\nfont-size:25px;\n}\n.av-special-heading.av-jjec3n2x-2f94e5185a7189075a1a6a0d0f13843d .av-subheading{\nfont-size:15px;\n}\n<\/style>\n<div  class='av-special-heading av-jjec3n2x-2f94e5185a7189075a1a6a0d0f13843d av-special-heading-h3  avia-builder-el-9  el_before_av_textblock  avia-builder-el-first '><h3 class='av-special-heading-tag '  itemprop=\"headline\"  >Data Protection Statement<\/h3><div class=\"special-heading-border\"><div class=\"special-heading-inner-border\"><\/div><\/div><\/div><br \/>\n<section  class='av_textblock_section av-9vkw9-46903693301ba55b61bc31cda278d7bf '   itemscope=\"itemscope\" itemtype=\"https:\/\/schema.org\/CreativeWork\" ><div class='avia_textblock'  itemprop=\"text\" ><ol>\n<li style=\"list-style-type: none;\">\n<ol>\n<li style=\"list-style-type: none\">\n<ol>\n<li><strong> Personal data<\/strong><br \/>\nWe will collect, process and use your personal data only upon your consent and\/or instruction or appointment for the purposes agreed with you or where there is any other legal basis as per Regulation (EU) 2016\/679 (General Data Protection Regulation\/GDPR); this will be done in compliance with data protection and civil law provisions. Only personal data that is required for rendering and handling our services as your legal counsel or which you provide to us on a voluntary basis will be collected. Personal data means all data which includes details regarding personal or factual circumstances, such as, for example, name, address, email address, phone number, date of birth, age, gender, social security number, video recordings, photos, voice recordings of persons, and biometric data, such as fingerprints. Personal data may also include sensitive data, such as health data or data related to criminal proceedings.<\/li>\n<\/ol>\n<\/li>\n<\/ol>\n<ol>\n<li style=\"list-style-type: none\">\n<ol>\n<li><strong>Access and erasure<\/strong><br \/>\nIn compliance with our professional duty as a lawyer to maintain secrecy, you as our client or as a data subject in general have a right of access to your stored personal data, its source and recipient and the purpose of data processing as well as a right to rectification, a right to data portability, a right to object, a right to restriction of processing and blocking or erasure of inaccurate or inadmissibly processed data at any time. In the case of changes of your personal data please inform us accordingly. You may withdraw your consent to use of your personal data at any time. Your request for access, erasure, rectification, objection and\/or data portability (in the last case: unless this involves a disproportionate effort) may be sent to this law firm&#8217;s address stated in Clause\u00a010 of this Statement. If you are of the opinion that processing of your personal data by us infringes applicable data protection law or that your claims under data protection law have been infringed in any other way, you may lodge a complaint with the competent supervisory authority. In Austria the competent authority is the Austrian Data Protection Authority [<em>Datenschutzbeh\u00f6rde<\/em>].<\/li>\n<\/ol>\n<\/li>\n<\/ol>\n<ol>\n<li style=\"list-style-type: none\">\n<ol>\n<li><strong>Data security<\/strong><br \/>\nYour personal data is protected through appropriate technical and organisational measures. Those measures include but are not limited to protection against unauthorised, unlawful or accidental access, processing, loss, use and tampering. Irrespective of our efforts to observe an appropriately high standard of due diligence at all times it cannot be excluded that information which you have provided to us via the internet will be inspected and used by other persons. Please note that we, therefore, assume no liability whatsoever for disclosure of information due to errors in data transfers that were not caused by us and\/or unauthorised access by third parties (e.g. hacker attack on email account or phone, interception of fax messages).<\/li>\n<\/ol>\n<\/li>\n<\/ol>\n<ol>\n<li style=\"list-style-type: none\">\n<ol>\n<li><strong>Use of data<\/strong><br \/>\nWe will not use any data provided to us for purposes other than the purposes covered by the mandate agreement or your consent or otherwise by any provision in conformity with the GDPR. This does not apply to use of data for statistical purposes, provided that the data provided has been anonymised.<\/li>\n<\/ol>\n<\/li>\n<\/ol>\n<ol>\n<li style=\"list-style-type: none\">\n<ol>\n<li><strong>Transfer of data to third parties<\/strong><br \/>\nFor us to fulfil your instruction it may be necessary to transfer your data to third parties (e.g. counterparty, substitutes, insurance companies, service providers whom we engage and to whom we provide data, etc.), courts or public authorities. Your data will be forwarded exclusively on the basis of the GDPR, in particular to fulfil your instruction or on the basis of your prior consent. Moreover, we would like to inform you that in connection with our acting as legal counsel for you also factual and case-related information concerning you will be obtained from third parties. Some of the recipients of your personal data stated above are located or process your personal data outside your country. The data protection standard in other countries may not be the same as the one in Austria. However, we transfer your personal data only to countries for which the European Commission has decided that they offer an adequate level of data protection; if this is not the case, we take measures to ensure that all recipients offer an adequate level of data protection, for which purpose we conclude standard contractual clauses (2010\/87\/EU and\/or 2004\/915\/EC).<\/li>\n<\/ol>\n<\/li>\n<\/ol>\n<ol>\n<li style=\"list-style-type: none\">\n<ol>\n<li><strong>Communication and notification of data breaches<\/strong><br \/>\nWe endeavour to ensure that data breaches will be noticed early and immediately communicated to you and notified to the competent supervisory authority, where applicable, including the relevant categories of data concerned.<\/li>\n<\/ol>\n<\/li>\n<\/ol>\n<ol>\n<li style=\"list-style-type: none\">\n<ol>\n<li><strong>Retention of data<\/strong><br \/>\nWe will not retain data longer than necessary to fulfil our contractual and\/or legal obligations or to defend us against any liability claims that may arise.<\/li>\n<\/ol>\n<\/li>\n<\/ol>\n<ol>\n<li style=\"list-style-type: none\">\n<ol>\n<li><strong>Our contact details<\/strong><br \/>\nProtection of your data is of particular importance to us. Please do not hesitate to contact us using the contact details stated below at any time if you have any questions or if you want to withdraw your consent.<a href=\"https:\/\/www.ra-kanzlei.co.at\/contact\">Contact<\/a><\/li>\n<\/ol>\n<\/li>\n<\/ol>\n<ol>\n<li style=\"list-style-type: none\">\n<ol>\n<li><strong>Cookies<\/strong><br \/>\nThis website uses &#8220;cookies&#8221; to make our offer more user-friendly, more effective and safer. A &#8220;cookie&#8221; is a small text file which we transmit to the cookie file of a browser on the hard disk of your computer via our web server. This enables our website to recognise you as a user when a connection is established between our web server and your browser. Cookies help us to establish the frequency of use and the number of users of our website. The content of the cookies used by us is limited to an identification number which no longer allows any direct reference to the user. The main objective of a cookie is to identify visitors to the website.Two types of cookies are used on this website:<\/p>\n<ol>\n<li style=\"list-style-type: none;\">\n<ol>\n<li style=\"list-style-type: none;\">\n<ul>\n<li>Session cookies: are temporary cookies which are stored in the cookie file of your browser until you leave our website and are automatically deleted at the end of your visit.<\/li>\n<\/ul>\n<ul>\n<li>Persistent cookies: are saved on your terminal equipment and allow us to recognise your browser on your next visit in order to achieve better user-friendliness.<\/li>\n<\/ul>\n<\/li>\n<\/ol>\n<\/li>\n<\/ol>\n<p>You may adjust your browser settings so that you will be informed about the placement of cookies and only allow them on a case-by-case basis, accept them for specific cases or generally refuse or automatically delete cookies when you close your browser. The functionality of this website may be restricted as a result of deactivating Cookies.<\/li>\n<\/ol>\n<\/li>\n<\/ol>\n<ol>\n<li><strong>Server log files<\/strong><br \/>\nIn order to optimise this website in terms of system performance, user-friendliness and provision of useful information about our services, the website provider automatically collects and stores information in so-called server log files, which your browser automatically transfers to us. This includes your internet protocol address (IP address), browser and language settings, operating system, referrer URL, your internet service provider and the date\/time. This data will not be combined with personal data sources. We reserve the right to check this data at a later date if we learn of specific indications of unlawful use.<\/li>\n<\/ol>\n<\/li>\n<\/ol>\n<\/div><\/section><\/p><\/div><\/p>\n","protected":false},"excerpt":{"rendered":"","protected":false},"author":1,"featured_media":0,"parent":0,"menu_order":300,"comment_status":"closed","ping_status":"closed","template":"","meta":{"footnotes":""},"class_list":["post-1448","page","type-page","status-publish","hentry"],"_links":{"self":[{"href":"https:\/\/www.ra-kanzlei.co.at\/en\/wp-json\/wp\/v2\/pages\/1448","targetHints":{"allow":["GET"]}}],"collection":[{"href":"https:\/\/www.ra-kanzlei.co.at\/en\/wp-json\/wp\/v2\/pages"}],"about":[{"href":"https:\/\/www.ra-kanzlei.co.at\/en\/wp-json\/wp\/v2\/types\/page"}],"author":[{"embeddable":true,"href":"https:\/\/www.ra-kanzlei.co.at\/en\/wp-json\/wp\/v2\/users\/1"}],"replies":[{"embeddable":true,"href":"https:\/\/www.ra-kanzlei.co.at\/en\/wp-json\/wp\/v2\/comments?post=1448"}],"version-history":[{"count":12,"href":"https:\/\/www.ra-kanzlei.co.at\/en\/wp-json\/wp\/v2\/pages\/1448\/revisions"}],"predecessor-version":[{"id":1563,"href":"https:\/\/www.ra-kanzlei.co.at\/en\/wp-json\/wp\/v2\/pages\/1448\/revisions\/1563"}],"wp:attachment":[{"href":"https:\/\/www.ra-kanzlei.co.at\/en\/wp-json\/wp\/v2\/media?parent=1448"}],"curies":[{"name":"wp","href":"https:\/\/api.w.org\/{rel}","templated":true}]}}